{"id":11038,"date":"2024-12-12T18:05:21","date_gmt":"2024-12-12T17:05:21","guid":{"rendered":"https:\/\/mariocarpe.com\/?page_id=11038"},"modified":"2025-07-21T10:33:49","modified_gmt":"2025-07-21T08:33:49","slug":"sobre-mi","status":"publish","type":"page","link":"https:\/\/mariocarpe.com\/es\/sobre-mi\/","title":{"rendered":"Sobre m\u00ed"},"content":{"rendered":"\n<div class=\"wp-block-group titulo-about\"><div class=\"wp-block-group__inner-container is-layout-constrained wp-block-group-is-layout-constrained\">\n<h1 class=\"wp-block-heading text-style-desktop-h-1\" data-aos=\"fade\" data-aos-duration=\"1100\">EL DISE\u00d1O NO ES SOLO DISE\u00d1O Y EL ARTE NO ES SOLO ARTE<\/h1>\n<\/div><\/div>\n\n\n\n<div class=\"wp-block-columns about-description__container is-layout-flex wp-container-core-columns-is-layout-9d6595d7 wp-block-columns-is-layout-flex\">\n<div class=\"wp-block-column is-layout-flow wp-block-column-is-layout-flow\" style=\"flex-basis:50%\">\n<div class=\"wp-block-group about-description\"><div class=\"wp-block-group__inner-container is-layout-constrained wp-block-group-is-layout-constrained\">\n<p><strong>Mario naci\u00f3 en C\u00e1diz, Espa\u00f1a, un para\u00edso sure\u00f1o rodeado de sol, mar, gaviotas y chistes, en 1986.<\/strong><\/p>\n\n\n\n<p><strong>Justo despu\u00e9s de destetar, su abuela le puso un l\u00e1piz en la mano y creci\u00f3 garabateando en la cocina, a veces en las paredes, mientras su madre preparaba platos de sabores \u00fanicos. Sus t\u00edas coleccionaban dibujos y su abuelo preguntaba: \u00ab\u00bfSigue dibujando el ni\u00f1o?\u00bb.<\/strong><\/p>\n\n\n\n<p><strong>Obtuvo una doble licenciatura en Derecho y Administraci\u00f3n de Empresas en la Universidad Carlos III de Madrid y, posteriormente, se convirti\u00f3 en un terr\u00edcola que ayuda a marcas, productos y personas a captar la atenci\u00f3n de su p\u00fablico mediante soluciones visuales audaces e impactantes.<\/strong><\/p>\n\n\n\n<p><strong>Aunque Mario nunca se ha centrado en los premios, su trabajo ha sido reconocido en diferentes ocasiones. Los acepta porque, de alguna manera, le dieron la energ\u00eda para comenzar su carrera creativa.<\/strong><\/p>\n\n\n\n<p><strong>Actualmente, trabaja desde su estudio en C\u00e1diz.<\/strong><\/p>\n<\/div><\/div>\n<\/div>\n\n\n\n<div class=\"wp-block-column logos is-layout-flow wp-block-column-is-layout-flow\" style=\"flex-basis:35%\">\n<div class=\"wp-block-group slider-platforms is-layout-grid wp-container-core-group-is-layout-9623da6b wp-block-group-is-layout-grid\">\n<figure class=\"wp-block-image size-full\"><a href=\"https:\/\/www.artwort.com\/?s=mario+carpe\" target=\"_blank\" rel=\" noreferrer noopener\"><img loading=\"lazy\" decoding=\"async\" width=\"449\" height=\"107\" src=\"https:\/\/mariocarpe.com\/wp-content\/uploads\/2025\/02\/aw-logo.svg\" alt=\"\" class=\"wp-image-10823\"\/><\/a><\/figure>\n\n\n\n<figure class=\"wp-block-image size-full\"><a href=\"https:\/\/www.behance.net\/mariocarpe\" target=\"_blank\" rel=\" noreferrer noopener\"><img loading=\"lazy\" decoding=\"async\" width=\"449\" height=\"88\" src=\"https:\/\/mariocarpe.com\/wp-content\/uploads\/2025\/02\/behance-logo.svg\" alt=\"\" class=\"wp-image-10825\"\/><\/a><\/figure>\n\n\n\n<figure class=\"wp-block-image size-full\"><a href=\"https:\/\/www.creativeboom.com\/inspiration\/collective-arts-brewing\/\" target=\"_blank\" rel=\" noreferrer noopener\"><img loading=\"lazy\" decoding=\"async\" width=\"449\" height=\"83\" src=\"https:\/\/mariocarpe.com\/wp-content\/uploads\/2025\/02\/creativeboom-logo.svg\" alt=\"\" class=\"wp-image-10827\"\/><\/a><\/figure>\n\n\n\n<figure class=\"wp-block-image size-full\"><a href=\"https:\/\/www.idnworld.com\/potm\/MarioCarpe-IllustratorGraphicDesigner\" target=\"_blank\" rel=\" noreferrer noopener\"><img loading=\"lazy\" decoding=\"async\" width=\"449\" height=\"112\" src=\"https:\/\/mariocarpe.com\/wp-content\/uploads\/2025\/02\/idn-logo.svg\" alt=\"\" class=\"wp-image-10829\"\/><\/a><\/figure>\n\n\n\n<figure class=\"wp-block-image size-full\"><img loading=\"lazy\" decoding=\"async\" width=\"449\" height=\"85\" src=\"https:\/\/mariocarpe.com\/wp-content\/uploads\/2025\/02\/packagingodtheworld-logo.svg\" alt=\"\" class=\"wp-image-10832\"\/><\/figure>\n\n\n\n<figure class=\"wp-block-image size-full\"><a href=\"https:\/\/www.peopleofprint.com\/?s=mario+carpe\" target=\"_blank\" rel=\" noreferrer noopener\"><img loading=\"lazy\" decoding=\"async\" width=\"449\" height=\"201\" src=\"https:\/\/mariocarpe.com\/wp-content\/uploads\/2025\/02\/people-print-logo.svg\" alt=\"\" class=\"wp-image-10834\"\/><\/a><\/figure>\n\n\n\n<figure class=\"wp-block-image size-full\"><a href=\"https:\/\/worldbranddesign.com\/?s=mario+carpe\" target=\"_blank\" rel=\" noreferrer noopener\"><img loading=\"lazy\" decoding=\"async\" width=\"899\" height=\"257\" src=\"https:\/\/mariocarpe.com\/wp-content\/uploads\/2025\/02\/wbdsa-black.png\" alt=\"\" class=\"wp-image-10838\" srcset=\"https:\/\/mariocarpe.com\/wp-content\/uploads\/2025\/02\/wbdsa-black.png 899w, https:\/\/mariocarpe.com\/wp-content\/uploads\/2025\/02\/wbdsa-black-300x86.png 300w, https:\/\/mariocarpe.com\/wp-content\/uploads\/2025\/02\/wbdsa-black-768x220.png 768w\" sizes=\"auto, (max-width: 899px) 100vw, 899px\" \/><\/a><\/figure>\n<\/div>\n<\/div>\n<\/div>\n\n\n\n<div class=\"wp-block-columns is-layout-flex wp-container-core-columns-is-layout-9d6595d7 wp-block-columns-is-layout-flex\">\n<div class=\"wp-block-column text-style-desktop-subtitle show-data is-layout-flow wp-block-column-is-layout-flow\" style=\"flex-basis:33.33%\">\n<p class=\"text-style-desktop-h-2\"><strong>PREMIOS<\/strong><\/p>\n<\/div>\n\n\n\n<div class=\"wp-block-column is-layout-flow wp-block-column-is-layout-flow\" style=\"flex-basis:66.66%\">\n<p><strong>Finalistas de Artes de la Comunicaci\u00f3n<\/strong><br><strong>Premios de Dise\u00f1o CSS<\/strong><br><strong>Premios Internacionales de Publicidad Cresta<\/strong><br><strong>Folio Eddie &amp; Ozzie<\/strong><br><strong>Young Lions Rep\u00fablica Checa 2015 (visual seleccionado por el cliente)<\/strong><br><strong>Weart Festival Barcelona<\/strong><br><strong>XII Concurso Nacional de Ilustraci\u00f3n<\/strong><br><strong>Concurso Nacional Lorenzo Go\u00f1i de Ilustraci\u00f3n<\/strong><\/p>\n<\/div>\n<\/div>\n\n\n\n<div class=\"wp-block-columns is-layout-flex wp-container-core-columns-is-layout-9d6595d7 wp-block-columns-is-layout-flex\">\n<div class=\"wp-block-column text-style-desktop-subtitle show-data is-layout-flow wp-block-column-is-layout-flow\" style=\"flex-basis:33.33%\">\n<p class=\"text-style-desktop-h-2\"><strong>DESTACADO EN<\/strong><\/p>\n<\/div>\n\n\n\n<div class=\"wp-block-column is-layout-flow wp-block-column-is-layout-flow\" style=\"flex-basis:66.66%\">\n<p><strong>BEHANCE.NET GALLERY<br><\/strong><a href=\"https:\/\/www.behance.net\/gallery\/121308731\/First-World\">First World<br><\/a>&nbsp;<br><strong>BEHANCE GRAPHIC DESIGN GALLERY<br><\/strong><a href=\"https:\/\/www.behance.net\/gallery\/186924931\/You-Are-My-Type-Vol2\">You Are My Type Vol.2<\/a>,&nbsp;<a href=\"https:\/\/www.behance.net\/gallery\/184329401\/You-Are-My-Type-Vol1\">You Are My Type Vol.1<\/a>,&nbsp;<a href=\"https:\/\/www.behance.net\/gallery\/104481611\/Logos-Marks-Collection\">Logos &amp; Marks Collection<\/a>,&nbsp;<a href=\"https:\/\/www.behance.net\/gallery\/90284857\/Stamps-Cadiz-Collection\">Mail Stamps Collection<\/a><br>&nbsp;<br><strong>BEHANCE ILLUSTRATION GALLERY<br><\/strong><a href=\"https:\/\/www.behance.net\/gallery\/185887073\/LAB1876TALENT-Toys\">LAB1876TALENT Toys<\/a>,&nbsp;<a href=\"https:\/\/www.behance.net\/gallery\/142411829\/Flowers\">Flowers<\/a>,&nbsp;<a href=\"https:\/\/www.behance.net\/gallery\/89756199\/Standart-Japan\">Standart Japan<\/a>,&nbsp;<a href=\"https:\/\/www.behance.net\/gallery\/71412511\/Standart\">Standart<\/a>,&nbsp;<a href=\"https:\/\/www.behance.net\/gallery\/63881173\/Mario-Carpe-X-Lane-Crawford\">Mario Carpe X Lane Crawford<\/a>,&nbsp;<a href=\"https:\/\/www.behance.net\/gallery\/80391993\/Skoda\">\u0160koda<\/a><br>&nbsp;<br><strong>BEHANCE FASHION GALLERY<br><\/strong><a href=\"https:\/\/www.behance.net\/gallery\/135229089\/La-Muda-Club\">La Muda Club<\/a><br>&nbsp;<br><strong>ADOBE INDESIGN GALLERY<br><\/strong><a href=\"https:\/\/www.behance.net\/gallery\/169833325\/Jazz-Vejer-Visual-Identity\">Jazz Vejer Visual Identity<\/a>,&nbsp;<a href=\"https:\/\/www.behance.net\/gallery\/90284857\/Stamps-Cadiz-Collection\">Mail Stamps Collection<\/a><br>&nbsp;<br><strong>ADOBE ILLUSTRATOR GALLERY<br><\/strong><a href=\"https:\/\/www.behance.net\/gallery\/142411829\/Flowers\">Flowers<\/a>,&nbsp;<a href=\"https:\/\/www.behance.net\/gallery\/108808765\/Womens-Health-USA-Music-Package\">Women\u2019s Health USA Music Package<\/a>,&nbsp;<a href=\"https:\/\/www.behance.net\/gallery\/89756199\/Standart-Japan\">Standart Japan<\/a>,&nbsp;<a href=\"https:\/\/www.behance.net\/gallery\/104481611\/Logos-Marks-Collection\">Logos &amp; Marks Collection<\/a><br>&nbsp;<br><strong>PACKAGING OF THE WORLD<br><\/strong><a href=\"https:\/\/packagingoftheworld.com\/2024\/01\/collective-arts-rhubarb-hibiscus-gin.html\">Collective Arts Gin<\/a>,&nbsp;<a href=\"https:\/\/worldbranddesign.com\/designing-character-mario-carpes-paper-toys-for-dreamers\/\">LAB1876TALENT Toys<\/a>,&nbsp;<a href=\"https:\/\/packagingoftheworld.com\/2021\/05\/semtex-energy.html\">Semtex Energy<\/a>,&nbsp;<a href=\"https:\/\/packagingoftheworld.com\/2020\/11\/correos-mail-stamps-cadiz-collection.html\">Mail Stamps Collection<\/a>,&nbsp;<a href=\"https:\/\/packagingoftheworld.com\/2020\/10\/collective-brewing-arts-world-eye-ipa-5.html\">Collective Arts Brewing<\/a><br>&nbsp;<br><strong>WORLD BRAND DESIGN SOCIETY<br><\/strong><a href=\"https:\/\/worldbranddesign.com\/collective-arts-rhubarb-and-hibiscus-gin-designed-by-mario-carpe\/\">Collective Arts Gin<\/a>,&nbsp;<a href=\"https:\/\/worldbranddesign.com\/designing-character-mario-carpes-paper-toys-for-dreamers\/\">LAB1876TALENT Toys<\/a>,&nbsp;<a href=\"https:\/\/worldbranddesign.com\/mario-carpes-typographic-journey-unveiling-you-are-my-type-vol-one\/\">You Are My Type Vol.1<\/a>,&nbsp;<a href=\"https:\/\/worldbranddesign.com\/jazz-vejer-visual-identity-by-mario-carpe\/\">Jazz Vejer Visual Identity,&nbsp;<\/a><a href=\"https:\/\/worldbranddesign.com\/toys-prints-collection-posters-designed-by-mario-carpe\/\">Toys<\/a>,&nbsp;<a href=\"https:\/\/worldbranddesign.com\/poster_escape-is-a-new-collection-of-36-posters-by-prague-based-graphic-designer-mario-carpe\/\">Poster_Escape<\/a>,&nbsp;<a href=\"https:\/\/worldbranddesign.com\/first-world-limited-print-series-designed-by-mario-carpe\/\">First World<\/a>,&nbsp;<a href=\"https:\/\/worldbranddesign.com\/mario-carpe-collective-arts-brewing-ipa-number-5-and-number-15\/\">Collective Arts Brewing<\/a>,&nbsp;<a href=\"https:\/\/worldbranddesign.com\/textile-graphic-design-for-la-muda-club\/\">La Muda Club<\/a><br>&nbsp;<br><strong>PEOPLE OF PRINT<br><\/strong><a href=\"https:\/\/www.peopleofprint.com\/solo-artist\/mario-carpe-you-are-my-type-vol-one\/\">You Are My Type Vol.1<\/a>,&nbsp;<a href=\"https:\/\/www.peopleofprint.com\/illustration-2\/mario-carpe-zodiac\/\">Zodiac<\/a>,&nbsp;<a href=\"https:\/\/www.peopleofprint.com\/graphic-design\/mario-carpe-jazz-vejer-visual-identity\/\">Jazz Vejer Visual Identity<\/a>,&nbsp;<a href=\"https:\/\/www.peopleofprint.com\/best-of\/pop-member-showcase-12-posters\/\">12 Posters<\/a>,&nbsp;<a href=\"https:\/\/www.peopleofprint.com\/fashion\/mario-carpe-la-muda-club\/\">La Muda Club<\/a>,&nbsp;<a href=\"https:\/\/www.peopleofprint.com\/solo-artist\/mario-carpe-toys\/\">Toys<\/a>,&nbsp;<a href=\"https:\/\/www.peopleofprint.com\/solo-artist\/mario-carpe-poster_escape\/\">Poster_Escape<\/a>,&nbsp;<a href=\"https:\/\/www.peopleofprint.com\/shop\/pop-member-showcase-20-posters\/\">20 Posters<\/a>,&nbsp;<a href=\"https:\/\/www.peopleofprint.com\/best-of\/pop-member-showcase-9-graphic-designers\/\">9 Graphic Designers<\/a>,&nbsp;<a href=\"https:\/\/www.peopleofprint.com\/illustration-2\/mario-carpe\/\">Mario Carpe<\/a><br>&nbsp;<br><strong>ARTWORT<\/strong><br><a href=\"https:\/\/www.artwort.com\/2023\/11\/30\/design\/grafica\/you-are-my-type-mario-carpe\/2\/\">You Are My Type Vol.1<\/a>,&nbsp;<a href=\"https:\/\/www.artwort.com\/2021\/10\/22\/design\/grafica\/poster_escape-poster-evasione-mario-carpe\/\">Poster_Escape<\/a>,&nbsp;<a href=\"https:\/\/www.artwort.com\/2021\/07\/09\/speciali\/disegnini\/intervista-illustrata-mario-carpe\/2\/\">Illustrated Interview<\/a><br>&nbsp;<br><strong>WE AND THE COLOR<br><\/strong><a href=\"https:\/\/weandthecolor.com\/exploring-the-art-of-expression-you-are-my-type-vol-one-by-mario-carpe\/181735\">You Are My Type Vol.1<\/a>,&nbsp;<a href=\"https:\/\/weandthecolor.com\/zodiac-sign-prints-mario-carpe\/177398\">Zodiac<\/a>,&nbsp;<a href=\"https:\/\/weandthecolor.com\/flowers-print-series-mario-carpe\">Flowers<\/a>,&nbsp;<a href=\"https:\/\/weandthecolor.com\/poster-escape-series-mario-carpe\/147807\">Poster_Escape<\/a>,&nbsp;<a href=\"https:\/\/weandthecolor.com\/poster-collection-mario-carpe\/139204\">First World<\/a><\/p>\n\n\n\n<p class=\"group-grey-links\"><a href=\"https:\/\/pentawards.com\/live\/en\/node\/newsarticle-collective-arts-gin-by-mario-carpe?type=NewsArticle\">PENTAWARDS <\/a>\u2013 <a href=\"https:\/\/www.digitalartsblog.com\/artist-spotlights\/artist-interview-mario-carpe\">DIGITAL ARTS BLOG INTERVIEW<\/a> \u2013 <a href=\"https:\/\/www.printmag.com\/type-tuesday\/mario-carpes-joyful-three-volume-type-visual-exploration\/\">PRINT MAGAZINE<\/a> \u2013 <a href=\"https:\/\/theinspirationgrid.com\/you-are-my-type-vol-1-typographic-experiments-by-mario-carpe\/\">INSPIRATION GRID<\/a> \u2013 <a href=\"https:\/\/aworkstation.com\/flowers-print-series-by-mario-carpe\/\">AWORKSTATION <\/a>\u2013 <a href=\"https:\/\/www.creativeboom.com\/inspiration\/collective-arts-brewing\/\">CREATIVE BOOM<\/a> \u2013 <a href=\"https:\/\/thedieline.com\/blog\/2020\/11\/30\/collective-arts-brewing-is-seriously-hip\">THE DIELINE<\/a> \u2013 <a href=\"https:\/\/graficatessen.es\/mario-carpe-el-disenador-que-de-nino-ya-garabateaba-con-un-lapiz\/\">GRAFICATESSEN <\/a>\u2013 <a href=\"https:\/\/blankposter.com\/?cftype=author&amp;cfval=Mario%20Carpe\">BLANK POSTER<\/a> \u2013 <a href=\"https:\/\/objects.to\/o\/lFJWk5x7obn3MDkZdAnCnvv1z8Bp2uFxR9rQpJlmXylA\/\">OBJECTS.TO INTERVIEW<\/a> \u2013 <a href=\"https:\/\/design.tutsplus.com\/articles\/international-artist-feature-czech-republic--cms-33458\">ENVATO TUTS+<\/a> \u2013 <a href=\"https:\/\/www.designrush.com\/best-designs\/print\">DESIGNRUSH <\/a>\u2013 <a href=\"https:\/\/www.lanecrawford.com\/brand\/56203754\/mario-carpe-x-lane-crawford\/women\/\">MARIO CARPE X LANE CRAWFORD<\/a> \u2013 <a href=\"https:\/\/collectiveartsbrewing.com\/art\/mario-carpe\/\">COLLECTIVE ARTS BREWING<\/a> \u2013 <a href=\"https:\/\/www.dexigner.com\/directory\/detail\/26918\">DEXIGNER <\/a>\u2013 <a href=\"https:\/\/www.cssdesignawards.com\/sites\/pixelfield\/28591\/\">CSS DESIGN AWARDS<\/a> \u2013 <a href=\"https:\/\/www.idnworld.com\/potm\/MarioCarpe-IllustratorGraphicDesigner\">IDN <\/a>\u2013 <a href=\"https:\/\/www.forewordreviews.com\/articles\/article\/foreword-a-folio-finalist-marching-from-margins-to-mainstream\/\">FOREWORD REVIEWS<\/a> \u2013 <a href=\"https:\/\/workflowmax2.com\/blog\">FOLIO AWARDS<\/a> \u2013 <a href=\"https:\/\/www.workflowmax.com\/blog\/creatives\/think-invoice-boring-top-25-beautiful-designer-invoices-youll-fall-love\">WORKFLOWMAX <\/a>\u2013 <a href=\"https:\/\/www.instagram.com\/p\/CG5bJ-iAML-\/\">ON PACKAGING<\/a> \u2013 <a href=\"https:\/\/www.instagram.com\/p\/CG7dVrbgi9y\/\">LOGOBOOK <\/a>\u2013 <a href=\"https:\/\/www.instagram.com\/p\/CHB5fZzpsJP\/\">BEERS ILLUSTRATED<\/a><\/p>\n<\/div>\n<\/div>\n\n\n\n<div class=\"wp-block-columns is-layout-flex wp-container-core-columns-is-layout-9d6595d7 wp-block-columns-is-layout-flex\">\n<div class=\"wp-block-column text-style-desktop-subtitle show-data is-layout-flow wp-block-column-is-layout-flow\" style=\"flex-basis:33.33%\">\n<p class=\"text-style-desktop-h-2\"><strong>CLIENTES<\/strong><\/p>\n<\/div>\n\n\n\n<div class=\"wp-block-column is-layout-flow wp-block-column-is-layout-flow\" style=\"flex-basis:66.66%\">\n<div class=\"wp-block-group slider-clients is-layout-grid wp-container-core-group-is-layout-9649a0d9 wp-block-group-is-layout-grid\">\n<figure class=\"wp-block-image size-full\"><img loading=\"lazy\" decoding=\"async\" width=\"166\" height=\"126\" src=\"https:\/\/mariocarpe.com\/wp-content\/uploads\/2024\/12\/apple.svg\" alt=\"\" class=\"wp-image-91\"\/><\/figure>\n\n\n\n<figure class=\"wp-block-image size-full\"><img loading=\"lazy\" decoding=\"async\" width=\"166\" height=\"126\" src=\"https:\/\/mariocarpe.com\/wp-content\/uploads\/2024\/12\/theguardian.svg\" alt=\"\" class=\"wp-image-92\"\/><\/figure>\n\n\n\n<figure class=\"wp-block-image size-full\"><img loading=\"lazy\" decoding=\"async\" width=\"166\" height=\"126\" src=\"https:\/\/mariocarpe.com\/wp-content\/uploads\/2024\/12\/lanecrawford.svg\" alt=\"\" class=\"wp-image-93\"\/><\/figure>\n\n\n\n<figure class=\"wp-block-image size-full\"><img loading=\"lazy\" decoding=\"async\" width=\"166\" height=\"126\" src=\"https:\/\/mariocarpe.com\/wp-content\/uploads\/2024\/12\/womenshealth.svg\" alt=\"\" class=\"wp-image-94\"\/><\/figure>\n\n\n\n<figure class=\"wp-block-image size-full\"><img loading=\"lazy\" decoding=\"async\" width=\"166\" height=\"126\" src=\"https:\/\/mariocarpe.com\/wp-content\/uploads\/2024\/12\/elpais.svg\" alt=\"\" class=\"wp-image-95\"\/><\/figure>\n\n\n\n<figure class=\"wp-block-image size-full\"><img loading=\"lazy\" decoding=\"async\" width=\"166\" height=\"126\" src=\"https:\/\/mariocarpe.com\/wp-content\/uploads\/2024\/12\/maxim.svg\" alt=\"\" class=\"wp-image-96\"\/><\/figure>\n\n\n\n<figure class=\"wp-block-image size-full\"><img loading=\"lazy\" decoding=\"async\" width=\"166\" height=\"126\" src=\"https:\/\/mariocarpe.com\/wp-content\/uploads\/2024\/12\/skoda.svg\" alt=\"\" class=\"wp-image-97\"\/><\/figure>\n\n\n\n<figure class=\"wp-block-image size-full\"><img loading=\"lazy\" decoding=\"async\" width=\"166\" height=\"126\" src=\"https:\/\/mariocarpe.com\/wp-content\/uploads\/2024\/12\/o2.svg\" alt=\"\" class=\"wp-image-98\"\/><\/figure>\n\n\n\n<figure class=\"wp-block-image size-full\"><img loading=\"lazy\" decoding=\"async\" width=\"166\" height=\"126\" src=\"https:\/\/mariocarpe.com\/wp-content\/uploads\/2024\/12\/threadless.svg\" alt=\"\" class=\"wp-image-100\"\/><\/figure>\n\n\n\n<figure class=\"wp-block-image size-full\"><img loading=\"lazy\" decoding=\"async\" width=\"166\" height=\"126\" src=\"https:\/\/mariocarpe.com\/wp-content\/uploads\/2024\/12\/raiffeisen.svg\" alt=\"\" class=\"wp-image-101\"\/><\/figure>\n\n\n\n<figure class=\"wp-block-image size-full\"><img loading=\"lazy\" decoding=\"async\" width=\"166\" height=\"126\" src=\"https:\/\/mariocarpe.com\/wp-content\/uploads\/2024\/12\/milka.svg\" alt=\"\" class=\"wp-image-102\"\/><\/figure>\n\n\n\n<figure class=\"wp-block-image size-full\"><img loading=\"lazy\" decoding=\"async\" width=\"166\" height=\"126\" src=\"https:\/\/mariocarpe.com\/wp-content\/uploads\/2024\/12\/hero.svg\" alt=\"\" class=\"wp-image-103\"\/><\/figure>\n\n\n\n<figure class=\"wp-block-image size-full\"><img loading=\"lazy\" decoding=\"async\" width=\"166\" height=\"126\" src=\"https:\/\/mariocarpe.com\/wp-content\/uploads\/2024\/12\/airbaltic.svg\" alt=\"\" class=\"wp-image-104\"\/><\/figure>\n\n\n\n<figure class=\"wp-block-image size-full\"><img loading=\"lazy\" decoding=\"async\" width=\"166\" height=\"126\" src=\"https:\/\/mariocarpe.com\/wp-content\/uploads\/2024\/12\/oreo.svg\" alt=\"\" class=\"wp-image-105\"\/><\/figure>\n\n\n\n<figure class=\"wp-block-image size-full\"><img loading=\"lazy\" decoding=\"async\" width=\"166\" height=\"126\" src=\"https:\/\/mariocarpe.com\/wp-content\/uploads\/2024\/12\/unipetrol.svg\" alt=\"\" class=\"wp-image-106\"\/><\/figure>\n\n\n\n<figure class=\"wp-block-image size-full\"><img loading=\"lazy\" decoding=\"async\" width=\"166\" height=\"126\" src=\"https:\/\/mariocarpe.com\/wp-content\/uploads\/2024\/12\/standart.svg\" alt=\"\" class=\"wp-image-107\"\/><\/figure>\n\n\n\n<figure class=\"wp-block-image size-full\"><img loading=\"lazy\" decoding=\"async\" width=\"166\" height=\"126\" src=\"https:\/\/mariocarpe.com\/wp-content\/uploads\/2024\/12\/krups.svg\" alt=\"\" class=\"wp-image-108\"\/><\/figure>\n\n\n\n<figure class=\"wp-block-image size-full\"><img loading=\"lazy\" decoding=\"async\" width=\"166\" height=\"126\" src=\"https:\/\/mariocarpe.com\/wp-content\/uploads\/2024\/12\/perrier.svg\" alt=\"\" class=\"wp-image-109\"\/><\/figure>\n\n\n\n<figure class=\"wp-block-image size-full\"><img loading=\"lazy\" decoding=\"async\" width=\"166\" height=\"126\" src=\"https:\/\/mariocarpe.com\/wp-content\/uploads\/2024\/12\/jager.svg\" alt=\"\" class=\"wp-image-110\"\/><\/figure>\n\n\n\n<figure class=\"wp-block-image size-full\"><img loading=\"lazy\" decoding=\"async\" width=\"166\" height=\"126\" src=\"https:\/\/mariocarpe.com\/wp-content\/uploads\/2024\/12\/staropramen.svg\" alt=\"\" class=\"wp-image-111\"\/><\/figure>\n<\/div>\n\n\n\n<p class=\"client-names\">Apple | The Guardian | Lane Crawford | Women\u2019s Health | El Pa\u00eds | Maxim | Damm | Skoda | O2 | Threadless | Raiffeisen Bank | Milka | Hero | Air Baltic | Oreo | Unipetrol | Standart | Krups | Perrier | J\u00e4germeister | Staropramen | Porsche | Mattoni | Benzina | Kofola | Wustenrot | Panalpina | Barcelona Beer Company | Collective Arts Brewing | Novy Prostor | Eyeyah!<\/p>\n<\/div>\n<\/div>\n\n\n\n<div class=\"wp-block-group visit-shop\"><div class=\"wp-block-group__inner-container is-layout-constrained wp-block-group-is-layout-constrained\">\n<h2 class=\"wp-block-heading text-style-desktop-h-2 d-none\">VISIT MY SHOP<\/h2>\n\n\n\n<div class=\"marquee running js-marquee\">\n  <div class=\"marquee-inner\">\n    <span>\/\/\/\/\/\/\/ Visita mi tienda \/\/\/\/\/\/\/ Visita mi tienda \/\/\/\/\/\/\/ Visita mi tienda \/\/\/\/\/\/\/ Visita mi tienda <\/span>  \n  <\/div>\n<\/div>\n\n\n\n<\/div><\/div>\n\n\n\n<p><\/p>\n","protected":false},"excerpt":{"rendered":"<p>EL DISE\u00d1O NO ES SOLO DISE\u00d1O Y EL ARTE NO ES SOLO ARTE Mario naci\u00f3 en C\u00e1diz, Espa\u00f1a, un para\u00edso sure\u00f1o rodeado de sol, mar, gaviotas y chistes, en 1986. Justo despu\u00e9s de destetar, su abuela le puso un l\u00e1piz en la mano y creci\u00f3 garabateando en la cocina, a veces en las paredes, mientras [&#8230;]<\/p>\n<p><a class=\"btn btn-secondary understrap-read-more-link\" href=\"https:\/\/mariocarpe.com\/es\/sobre-mi\/\">Leer m\u00e1s&#8230;<\/a><\/p>\n","protected":false},"author":1,"featured_media":0,"parent":0,"menu_order":0,"comment_status":"closed","ping_status":"closed","template":"","meta":{"inline_featured_image":false,"footnotes":""},"class_list":["post-11038","page","type-page","status-publish","hentry"],"_links":{"self":[{"href":"https:\/\/mariocarpe.com\/es\/wp-json\/wp\/v2\/pages\/11038","targetHints":{"allow":["GET"]}}],"collection":[{"href":"https:\/\/mariocarpe.com\/es\/wp-json\/wp\/v2\/pages"}],"about":[{"href":"https:\/\/mariocarpe.com\/es\/wp-json\/wp\/v2\/types\/page"}],"author":[{"embeddable":true,"href":"https:\/\/mariocarpe.com\/es\/wp-json\/wp\/v2\/users\/1"}],"replies":[{"embeddable":true,"href":"https:\/\/mariocarpe.com\/es\/wp-json\/wp\/v2\/comments?post=11038"}],"version-history":[{"count":7,"href":"https:\/\/mariocarpe.com\/es\/wp-json\/wp\/v2\/pages\/11038\/revisions"}],"predecessor-version":[{"id":12859,"href":"https:\/\/mariocarpe.com\/es\/wp-json\/wp\/v2\/pages\/11038\/revisions\/12859"}],"wp:attachment":[{"href":"https:\/\/mariocarpe.com\/es\/wp-json\/wp\/v2\/media?parent=11038"}],"curies":[{"name":"wp","href":"https:\/\/api.w.org\/{rel}","templated":true}]}}